{"id":694,"date":"2024-10-22T10:07:16","date_gmt":"2024-10-22T10:07:16","guid":{"rendered":"https:\/\/anopssuisse.reas-suisse.ch\/contact\/"},"modified":"2025-12-17T08:12:59","modified_gmt":"2025-12-17T08:12:59","slug":"contact","status":"publish","type":"page","link":"https:\/\/anopssuisse.reas-suisse.ch\/fr\/contact\/","title":{"rendered":"Contact"},"content":{"rendered":"","protected":false},"excerpt":{"rendered":"","protected":false},"author":1,"featured_media":0,"parent":0,"menu_order":0,"comment_status":"closed","ping_status":"closed","template":"","meta":{"_acf_changed":false,"inline_featured_image":false,"footnotes":""},"class_list":["post-694","page","type-page","status-publish","hentry"],"acf":[],"yoast_head":"<!-- This site is optimized with the Yoast SEO plugin v26.6 - https:\/\/yoast.com\/wordpress\/plugins\/seo\/ -->\n<title>Contact - ANOPS Suisse<\/title>\n<meta name=\"description\" content=\"Pour toute question relative \u00e0 l\u2019intervention psychosociale ou au d\u00e9veloppement du Case Management socioth\u00e9rapeutique (CMS), notre \u00e9quipe est \u00e0 votre disposition. notre \u00e9quipe est \u00e0 votre disposition. N\u2019h\u00e9sitez pas \u00e0 nous \u00e9crire, nous appeler ou planifier un \u00e9change \u2013 nous vous r\u00e9pondrons avec plaisir.\" \/>\n<meta name=\"robots\" content=\"index, follow, max-snippet:-1, max-image-preview:large, max-video-preview:-1\" \/>\n<link rel=\"canonical\" href=\"https:\/\/anops.ch\/fr\/contact\/\" \/>\n<meta property=\"og:locale\" content=\"fr_FR\" \/>\n<meta property=\"og:type\" content=\"article\" \/>\n<meta property=\"og:title\" content=\"Contact - ANOPS Suisse\" \/>\n<meta property=\"og:description\" content=\"Pour toute question relative \u00e0 l\u2019intervention psychosociale ou au d\u00e9veloppement du Case Management socioth\u00e9rapeutique (CMS), notre \u00e9quipe est \u00e0 votre disposition. notre \u00e9quipe est \u00e0 votre disposition. N\u2019h\u00e9sitez pas \u00e0 nous \u00e9crire, nous appeler ou planifier un \u00e9change \u2013 nous vous r\u00e9pondrons avec plaisir.\" \/>\n<meta property=\"og:url\" content=\"https:\/\/anops.ch\/fr\/contact\/\" \/>\n<meta property=\"og:site_name\" content=\"ANOPS Suisse\" \/>\n<meta property=\"article:modified_time\" content=\"2025-12-17T08:12:59+00:00\" \/>\n<meta name=\"twitter:card\" content=\"summary_large_image\" \/>\n<script type=\"application\/ld+json\" class=\"yoast-schema-graph\">{\"@context\":\"https:\/\/schema.org\",\"@graph\":[{\"@type\":\"WebPage\",\"@id\":\"https:\/\/anopssuisse.reas-suisse.ch\/fr\/contact\/\",\"url\":\"https:\/\/anopssuisse.reas-suisse.ch\/fr\/contact\/\",\"name\":\"Contact - ANOPS Suisse\",\"isPartOf\":{\"@id\":\"https:\/\/anopssuisse.reas-suisse.ch\/fr\/#website\"},\"datePublished\":\"2024-10-22T10:07:16+00:00\",\"dateModified\":\"2025-12-17T08:12:59+00:00\",\"description\":\"Pour toute question relative \u00e0 l\u2019intervention psychosociale ou au d\u00e9veloppement du Case Management socioth\u00e9rapeutique (CMS), notre \u00e9quipe est \u00e0 votre disposition. notre \u00e9quipe est \u00e0 votre disposition. N\u2019h\u00e9sitez pas \u00e0 nous \u00e9crire, nous appeler ou planifier un \u00e9change \u2013 nous vous r\u00e9pondrons avec plaisir.\",\"breadcrumb\":{\"@id\":\"https:\/\/anopssuisse.reas-suisse.ch\/fr\/contact\/#breadcrumb\"},\"inLanguage\":\"fr-FR\",\"potentialAction\":[{\"@type\":\"ReadAction\",\"target\":[\"https:\/\/anopssuisse.reas-suisse.ch\/fr\/contact\/\"]}]},{\"@type\":\"BreadcrumbList\",\"@id\":\"https:\/\/anopssuisse.reas-suisse.ch\/fr\/contact\/#breadcrumb\",\"itemListElement\":[{\"@type\":\"ListItem\",\"position\":1,\"name\":\"Home\",\"item\":\"https:\/\/anopssuisse.reas-suisse.ch\/fr\/\"},{\"@type\":\"ListItem\",\"position\":2,\"name\":\"Contact\"}]},{\"@type\":\"WebSite\",\"@id\":\"https:\/\/anopssuisse.reas-suisse.ch\/fr\/#website\",\"url\":\"https:\/\/anopssuisse.reas-suisse.ch\/fr\/\",\"name\":\"ANOPS Suisse\",\"description\":\"ANOPS Suisse\",\"potentialAction\":[{\"@type\":\"SearchAction\",\"target\":{\"@type\":\"EntryPoint\",\"urlTemplate\":\"https:\/\/anopssuisse.reas-suisse.ch\/fr\/?s={search_term_string}\"},\"query-input\":{\"@type\":\"PropertyValueSpecification\",\"valueRequired\":true,\"valueName\":\"search_term_string\"}}],\"inLanguage\":\"fr-FR\"}]}<\/script>\n<!-- \/ Yoast SEO plugin. -->","yoast_head_json":{"title":"Contact - ANOPS Suisse","description":"Pour toute question relative \u00e0 l\u2019intervention psychosociale ou au d\u00e9veloppement du Case Management socioth\u00e9rapeutique (CMS), notre \u00e9quipe est \u00e0 votre disposition. notre \u00e9quipe est \u00e0 votre disposition. N\u2019h\u00e9sitez pas \u00e0 nous \u00e9crire, nous appeler ou planifier un \u00e9change \u2013 nous vous r\u00e9pondrons avec plaisir.","robots":{"index":"index","follow":"follow","max-snippet":"max-snippet:-1","max-image-preview":"max-image-preview:large","max-video-preview":"max-video-preview:-1"},"canonical":"https:\/\/anops.ch\/fr\/contact\/","og_locale":"fr_FR","og_type":"article","og_title":"Contact - ANOPS Suisse","og_description":"Pour toute question relative \u00e0 l\u2019intervention psychosociale ou au d\u00e9veloppement du Case Management socioth\u00e9rapeutique (CMS), notre \u00e9quipe est \u00e0 votre disposition. notre \u00e9quipe est \u00e0 votre disposition. N\u2019h\u00e9sitez pas \u00e0 nous \u00e9crire, nous appeler ou planifier un \u00e9change \u2013 nous vous r\u00e9pondrons avec plaisir.","og_url":"https:\/\/anops.ch\/fr\/contact\/","og_site_name":"ANOPS Suisse","article_modified_time":"2025-12-17T08:12:59+00:00","twitter_card":"summary_large_image","schema":{"@context":"https:\/\/schema.org","@graph":[{"@type":"WebPage","@id":"https:\/\/anopssuisse.reas-suisse.ch\/fr\/contact\/","url":"https:\/\/anopssuisse.reas-suisse.ch\/fr\/contact\/","name":"Contact - ANOPS Suisse","isPartOf":{"@id":"https:\/\/anopssuisse.reas-suisse.ch\/fr\/#website"},"datePublished":"2024-10-22T10:07:16+00:00","dateModified":"2025-12-17T08:12:59+00:00","description":"Pour toute question relative \u00e0 l\u2019intervention psychosociale ou au d\u00e9veloppement du Case Management socioth\u00e9rapeutique (CMS), notre \u00e9quipe est \u00e0 votre disposition. notre \u00e9quipe est \u00e0 votre disposition. N\u2019h\u00e9sitez pas \u00e0 nous \u00e9crire, nous appeler ou planifier un \u00e9change \u2013 nous vous r\u00e9pondrons avec plaisir.","breadcrumb":{"@id":"https:\/\/anopssuisse.reas-suisse.ch\/fr\/contact\/#breadcrumb"},"inLanguage":"fr-FR","potentialAction":[{"@type":"ReadAction","target":["https:\/\/anopssuisse.reas-suisse.ch\/fr\/contact\/"]}]},{"@type":"BreadcrumbList","@id":"https:\/\/anopssuisse.reas-suisse.ch\/fr\/contact\/#breadcrumb","itemListElement":[{"@type":"ListItem","position":1,"name":"Home","item":"https:\/\/anopssuisse.reas-suisse.ch\/fr\/"},{"@type":"ListItem","position":2,"name":"Contact"}]},{"@type":"WebSite","@id":"https:\/\/anopssuisse.reas-suisse.ch\/fr\/#website","url":"https:\/\/anopssuisse.reas-suisse.ch\/fr\/","name":"ANOPS Suisse","description":"ANOPS Suisse","potentialAction":[{"@type":"SearchAction","target":{"@type":"EntryPoint","urlTemplate":"https:\/\/anopssuisse.reas-suisse.ch\/fr\/?s={search_term_string}"},"query-input":{"@type":"PropertyValueSpecification","valueRequired":true,"valueName":"search_term_string"}}],"inLanguage":"fr-FR"}]}},"_links":{"self":[{"href":"https:\/\/anopssuisse.reas-suisse.ch\/fr\/wp-json\/wp\/v2\/pages\/694","targetHints":{"allow":["GET"]}}],"collection":[{"href":"https:\/\/anopssuisse.reas-suisse.ch\/fr\/wp-json\/wp\/v2\/pages"}],"about":[{"href":"https:\/\/anopssuisse.reas-suisse.ch\/fr\/wp-json\/wp\/v2\/types\/page"}],"author":[{"embeddable":true,"href":"https:\/\/anopssuisse.reas-suisse.ch\/fr\/wp-json\/wp\/v2\/users\/1"}],"replies":[{"embeddable":true,"href":"https:\/\/anopssuisse.reas-suisse.ch\/fr\/wp-json\/wp\/v2\/comments?post=694"}],"version-history":[{"count":1,"href":"https:\/\/anopssuisse.reas-suisse.ch\/fr\/wp-json\/wp\/v2\/pages\/694\/revisions"}],"predecessor-version":[{"id":923,"href":"https:\/\/anopssuisse.reas-suisse.ch\/fr\/wp-json\/wp\/v2\/pages\/694\/revisions\/923"}],"wp:attachment":[{"href":"https:\/\/anopssuisse.reas-suisse.ch\/fr\/wp-json\/wp\/v2\/media?parent=694"}],"curies":[{"name":"wp","href":"https:\/\/api.w.org\/{rel}","templated":true}]}}